{"id":1276,"date":"2022-11-27T10:01:30","date_gmt":"2022-11-27T10:01:30","guid":{"rendered":"https:\/\/www.hexfire.eu\/produkty\/"},"modified":"2024-12-08T16:34:33","modified_gmt":"2024-12-08T16:34:33","slug":"produkty","status":"publish","type":"page","link":"https:\/\/www.hexfire.eu\/sk\/produkty\/","title":{"rendered":"Produkty"},"content":{"rendered":"<p>[et_pb_section fb_built=&#8220;1&#8243; admin_label=&#8220;Header&#8220; _builder_version=&#8220;4.19.1&#8243; background_enable_color=&#8220;off&#8220; use_background_color_gradient=&#8220;on&#8220; background_color_gradient_direction=&#8220;0deg&#8220; background_color_gradient_stops=&#8220;#000000 0%|rgba(255,255,255,0) 100%&#8220; background_color_gradient_overlays_image=&#8220;on&#8220; background_image=&#8220;https:\/\/www.hexfire.eu\/wp-content\/uploads\/2023\/09\/Libya-Tank-Fire.webp&#8220; parallax=&#8220;on&#8220; background_blend=&#8220;darken&#8220; width=&#8220;100%&#8220; custom_padding=&#8220;0|0px|0|0px|false|false&#8220; global_colors_info=&#8220;{}&#8220;][et_pb_row _builder_version=&#8220;4.19.1&#8243; width=&#8220;60%&#8220; width_tablet=&#8220;70%&#8220; width_phone=&#8220;90%&#8220; width_last_edited=&#8220;on|phone&#8220; min_height=&#8220;25vw&#8220; custom_padding=&#8220;0|0px|0|0px|false|false&#8220; global_colors_info=&#8220;{}&#8220;][et_pb_column type=&#8220;4_4&#8243; _builder_version=&#8220;4.19.1&#8243; custom_padding=&#8220;7vw||||false|false&#8220; custom_padding_tablet=&#8220;40px|||&#8220; custom_padding_phone=&#8220;40px|||&#8220; custom_padding_last_edited=&#8220;on|tablet&#8220; global_colors_info=&#8220;{}&#8220; custom_padding__hover=&#8220;|||&#8220;][et_pb_text _builder_version=&#8220;4.19.1&#8243; text_font=&#8220;||||||||&#8220; text_text_color=&#8220;#FFFFFF&#8220; text_font_size=&#8220;24px&#8220; text_line_height=&#8220;1.8em&#8220; header_font=&#8220;|800|||||||&#8220; header_text_color=&#8220;#FFFFFF&#8220; header_font_size=&#8220;90px&#8220; header_line_height=&#8220;1.2em&#8220; width=&#8220;90%&#8220; width_tablet=&#8220;100%&#8220; width_phone=&#8220;100%&#8220; width_last_edited=&#8220;on|tablet&#8220; max_width=&#8220;100%&#8220; custom_margin=&#8220;||||false|false&#8220; custom_margin_tablet=&#8220;||30px|&#8220; custom_margin_phone=&#8220;&#8220; custom_margin_last_edited=&#8220;on|tablet&#8220; custom_padding=&#8220;10%||10%||true|false&#8220; text_font_size_tablet=&#8220;24px&#8220; text_font_size_phone=&#8220;16px&#8220; text_font_size_last_edited=&#8220;on|phone&#8220; header_font_size_tablet=&#8220;50px&#8220; header_font_size_phone=&#8220;32px&#8220; header_font_size_last_edited=&#8220;on|phone&#8220; global_colors_info=&#8220;{}&#8220;]<\/p>\n<h1 style=\"text-align: center;\">Produkty<\/h1>\n<div style=\"text-align: center;\"><b>Distrib\u00facia \u0161irokej \u0161k\u00e1ly penov\u00fdch koncentr\u00e1tov FFF a \u0161irokej \u0161k\u00e1ly<\/b><\/div>\n<div style=\"text-align: center;\"><b>v\u00fdrobkov po\u017eiarneho vybavenia z portf\u00f3lia spolo\u010dnosti Angus Fire.<\/b><\/div>\n<p>[\/et_pb_text][\/et_pb_column][\/et_pb_row][\/et_pb_section][et_pb_section fb_built=&#8220;1&#8243; admin_label=&#8220;ADVANTAGES of using the world\u2019s most advanced FFF:&#8220; _builder_version=&#8220;4.19.1&#8243; _module_preset=&#8220;default&#8220; custom_margin=&#8220;||0px||false|false&#8220; custom_padding=&#8220;||0px||false|false&#8220; global_colors_info=&#8220;{}&#8220;][et_pb_row _builder_version=&#8220;4.19.1&#8243; _module_preset=&#8220;default&#8220; custom_padding=&#8220;2%||||false|false&#8220; global_colors_info=&#8220;{}&#8220;][et_pb_column type=&#8220;4_4&#8243; _builder_version=&#8220;4.19.1&#8243; _module_preset=&#8220;default&#8220; global_colors_info=&#8220;{}&#8220;][et_pb_text _builder_version=&#8220;4.19.1&#8243; text_font=&#8220;||||||||&#8220; text_font_size=&#8220;22px&#8220; text_line_height=&#8220;1.8em&#8220; header_2_font=&#8220;|700|||||||&#8220; header_2_font_size=&#8220;30px&#8220; header_6_font=&#8220;Lato|||on|||||&#8220; header_6_text_color=&#8220;#969696&#8243; header_6_letter_spacing=&#8220;4px&#8220; header_6_line_height=&#8220;1.8em&#8220; custom_padding=&#8220;|||3%|false|false&#8220; border_color_all=&#8220;#ef7022&#8243; border_width_left=&#8220;5px&#8220; global_colors_info=&#8220;{}&#8220;]<\/p>\n<h2>Na\u0161e FFF koncentr\u00e1ty s\u00fa:<\/h2>\n<p>[\/et_pb_text][et_pb_text module_class=&#8220;custom_bullets custom_bullets&#8211;arrow&#8220; _builder_version=&#8220;4.19.1&#8243; _module_preset=&#8220;default&#8220; global_colors_info=&#8220;{}&#8220;]<\/p>\n<ul>\n<li>Certifikovan\u00e9 a testovan\u00e9 v s\u00falade s normou EN 1568 akreditovan\u00fdm laborat\u00f3riom MPA Dresden, ako aj \u010fal\u0161ie osved\u010denia od organiz\u00e1ci\u00ed ako UL, Lastfire, IMO, ICAO a \u010fal\u0161\u00edch.<\/li>\n<li>Biologick\u00e1 odb\u00farate\u013enos\u0165 na \u00farovni 100 %.<\/li>\n<li>Vysok\u00e1 hasiaca \u00fa\u010dinnos\u0165 a odolnos\u0165 vo\u010di sp\u00e4tn\u00e9mu horeniu.<\/li>\n<li>N\u00edzka viskozita a \u017eieravos\u0165 poskytuj\u00fa maxim\u00e1lny u\u017e\u00edvate\u013esk\u00fd komfort.<\/li>\n<li>Bezkonkuren\u010dn\u00e1 stabilita a dlh\u00e1 doba rozkladu peny.<\/li>\n<li>Neexistuj\u00fa \u017eiadne nebezpe\u010dn\u00e9 chemick\u00e9 n\u00e1hrady PFAS, ako s\u00fa chl\u00f3r alebo silox\u00e1n, a \u017eiadne \u010fal\u0161ie zl\u00fa\u010deniny uveden\u00e9 na zozname SVHC.<\/li>\n<li>Stopercentn\u00e1 kompatibilita s miestnymi mie\u0161ac\u00edmi a aplika\u010dn\u00fdmi zariadeniami.<\/li>\n<li>\u00dapln\u00e9 dodr\u017eiavanie existuj\u00facich a pripravovan\u00fdch pr\u00e1vnych predpisov E\u00da\/n\u00e1rodn\u00fdch pr\u00e1vnych predpisov v oblasti strednej a v\u00fdchodnej Eur\u00f3py.<\/li>\n<\/ul>\n<p>[\/et_pb_text][\/et_pb_column][\/et_pb_row][\/et_pb_section][et_pb_section fb_built=&#8220;1&#8243; _builder_version=&#8220;4.19.1&#8243; _module_preset=&#8220;default&#8220; global_colors_info=&#8220;{}&#8220;][et_pb_row _builder_version=&#8220;4.19.1&#8243; _module_preset=&#8220;default&#8220; global_colors_info=&#8220;{}&#8220;][et_pb_column type=&#8220;4_4&#8243; _builder_version=&#8220;4.19.1&#8243; _module_preset=&#8220;default&#8220; global_colors_info=&#8220;{}&#8220;][et_pb_accordion closed_toggle_text_color=&#8220;#2a2a2a&#8220; icon_color=&#8220;#ef7022&#8243; use_icon_font_size=&#8220;on&#8220; icon_font_size=&#8220;20px&#8220; module_class=&#8220;custom_bullets custom_bullets&#8211;arrow&#8220; _builder_version=&#8220;4.19.1&#8243; _module_preset=&#8220;default&#8220; toggle_level=&#8220;h2&#8243; toggle_font=&#8220;Lato|700|||||||&#8220; toggle_font_size=&#8220;30px&#8220; toggle_line_height=&#8220;1.6em&#8220; body_line_height=&#8220;2em&#8220; toggle_font_size_tablet=&#8220;20px&#8220; toggle_font_size_phone=&#8220;20px&#8220; toggle_font_size_last_edited=&#8220;on|tablet&#8220; border_width_all=&#8220;0px&#8220; border_width_left=&#8220;5px&#8220; border_color_left=&#8220;#ef7022&#8243; global_colors_info=&#8220;{}&#8220;][et_pb_accordion_item title=&#8220;Respondol ATF 3&#215;3&#8243; open=&#8220;on&#8220; _builder_version=&#8220;4.19.1&#8243; _module_preset=&#8220;default&#8220; global_colors_info=&#8220;{}&#8220; toggle_font=&#8220;|700|||||||&#8220;]<\/p>\n<p>Angus Fire Respondol ATF 3\u00d73 je penov\u00fd koncentr\u00e1t bez flu\u00f3ru, ktor\u00fd poskytuje vynikaj\u00faci v\u00fdkon pri hasen\u00ed po\u017eiarov a ekologick\u00fa udr\u017eate\u013enos\u0165. Medzi v\u00fdhody tohto v\u00fdrobku patria: <\/p>\n<ul>\n<li><span style=\"color: #ef7022;\">Vysoko v\u00fdkonn\u00e1 pena:<\/span> Respondol ATF 3\u00d73 je 3-percentn\u00fd penov\u00fd koncentr\u00e1t odoln\u00fd vo\u010di alkoholu, ktor\u00fd je navrhnut\u00fd tak, aby poskytoval vynikaj\u00faci v\u00fdkon pri hasen\u00ed uh\u013eovod\u00edkov\u00fdch po\u017eiarov triedy B. Je \u00fa\u010dinn\u00fd aj pri po\u017eiaroch pol\u00e1rnych rozp\u00fa\u0161\u0165adiel a je vhodn\u00fd na pou\u017eitie v sladkej aj slanej vode. <\/li>\n<li><span style=\"color: #ef7022;\">Environment\u00e1lna udr\u017eate\u013enos\u0165:<\/span> Respondol ATF 3\u00d73 je penov\u00fd koncentr\u00e1t bez flu\u00f3ru, ktor\u00fd je biologicky odb\u00farate\u013en\u00fd, netoxick\u00fd a nezne\u010dis\u0165uje \u017eivotn\u00e9 prostredie, \u010do z neho rob\u00ed bezpe\u010dnej\u0161iu a udr\u017eate\u013enej\u0161iu mo\u017enos\u0165 hasenia po\u017eiarov.<\/li>\n<li><span style=\"color: #ef7022;\">Jednoduch\u00e9 pou\u017eitie:<\/span> Respondol ATF 3\u00d73 sa \u013eahko mie\u0161a a aplikuje a mo\u017eno ho pou\u017e\u00edva\u0165 so \u0161irokou \u0161k\u00e1lou penov\u00fdch zariaden\u00ed vr\u00e1tane prenosn\u00fdch penov\u00fdch induktorov, syst\u00e9mov na d\u00e1vkovanie peny a penov\u00fdch vetiev.<\/li>\n<li><span style=\"color: #ef7022;\">Cenovo v\u00fdhodn\u00fd:<\/span> Respondol ATF 3\u00d73 je n\u00e1kladovo efekt\u00edvne rie\u0161enie na hasenie po\u017eiarov, preto\u017ee sa \u013eahko pou\u017e\u00edva a m\u00e1 dlh\u00fa \u017eivotnos\u0165. Je tie\u017e navrhnut\u00fd tak, aby bol vysoko odoln\u00fd a spo\u013eahliv\u00fd, \u010do pom\u00e1ha zni\u017eova\u0165 n\u00e1klady a zlep\u0161ova\u0165 prev\u00e1dzkov\u00fa efekt\u00edvnos\u0165. <\/li>\n<li><span style=\"color: #ef7022;\">\u0160irok\u00fd rozsah pou\u017eitia:<\/span> Respondol ATF 3\u00d73 je vhodn\u00fd na pou\u017eitie v \u0161irokom spektre aplik\u00e1ci\u00ed vr\u00e1tane petrochemick\u00e9ho, chemick\u00e9ho, energetick\u00e9ho a ropn\u00e9ho priemyslu a m\u00f4\u017ee sa pou\u017e\u00edva\u0165 aj na letisk\u00e1ch, v rafin\u00e9ri\u00e1ch, skladovac\u00edch termin\u00e1loch a in\u00fdch kritick\u00fdch infra\u0161trukt\u00farach.<\/li>\n<\/ul>\n<p>[\/et_pb_accordion_item][et_pb_accordion_item title=&#8220;Respondol ATF C 3&#215;3&#8243; _builder_version=&#8220;4.19.1&#8243; _module_preset=&#8220;default&#8220; global_colors_info=&#8220;{}&#8220; open=&#8220;off&#8220;]<\/p>\n<p>Popis produktu<\/p>\n<p>[\/et_pb_accordion_item][et_pb_accordion_item title=&#8220;M51+&#8220; _builder_version=&#8220;4.19.1&#8243; _module_preset=&#8220;default&#8220; global_colors_info=&#8220;{}&#8220; open=&#8220;off&#8220;]<\/p>\n<p>Popis produktu<\/p>\n<p>[\/et_pb_accordion_item][et_pb_accordion_item title=&#8220;AIRFOAM ICAO C FF3&#8243; _builder_version=&#8220;4.19.1&#8243; _module_preset=&#8220;default&#8220; global_colors_info=&#8220;{}&#8220; open=&#8220;off&#8220;]<\/p>\n<p>Popis produktu<\/p>\n<p>[\/et_pb_accordion_item][et_pb_accordion_item title=&#8220;Tridol C6S1&#8243; _builder_version=&#8220;4.19.1&#8243; _module_preset=&#8220;default&#8220; global_colors_info=&#8220;{}&#8220; open=&#8220;off&#8220;]<\/p>\n<p>Popis produktu<\/p>\n<p>[\/et_pb_accordion_item][\/et_pb_accordion][\/et_pb_column][\/et_pb_row][\/et_pb_section]<\/p>\n","protected":false},"excerpt":{"rendered":"<p>Produkty Distrib\u00facia \u0161irokej \u0161k\u00e1ly penov\u00fdch koncentr\u00e1tov FFF a \u0161irokej \u0161k\u00e1ly v\u00fdrobkov po\u017eiarneho vybavenia z portf\u00f3lia spolo\u010dnosti Angus Fire.Na\u0161e FFF koncentr\u00e1ty s\u00fa: Certifikovan\u00e9 a testovan\u00e9 v s\u00falade s normou EN 1568 akreditovan\u00fdm laborat\u00f3riom MPA Dresden, ako aj \u010fal\u0161ie osved\u010denia od organiz\u00e1ci\u00ed ako UL, Lastfire, IMO, ICAO a \u010fal\u0161\u00edch. Biologick\u00e1 odb\u00farate\u013enos\u0165 na \u00farovni 100 %. Vysok\u00e1 hasiaca [&hellip;]<\/p>\n","protected":false},"author":1,"featured_media":0,"parent":0,"menu_order":0,"comment_status":"closed","ping_status":"closed","template":"","meta":{"_et_pb_use_builder":"on","_et_pb_old_content":"","_et_gb_content_width":"","footnotes":""},"class_list":["post-1276","page","type-page","status-publish","hentry"],"_links":{"self":[{"href":"https:\/\/www.hexfire.eu\/sk\/wp-json\/wp\/v2\/pages\/1276","targetHints":{"allow":["GET"]}}],"collection":[{"href":"https:\/\/www.hexfire.eu\/sk\/wp-json\/wp\/v2\/pages"}],"about":[{"href":"https:\/\/www.hexfire.eu\/sk\/wp-json\/wp\/v2\/types\/page"}],"author":[{"embeddable":true,"href":"https:\/\/www.hexfire.eu\/sk\/wp-json\/wp\/v2\/users\/1"}],"replies":[{"embeddable":true,"href":"https:\/\/www.hexfire.eu\/sk\/wp-json\/wp\/v2\/comments?post=1276"}],"version-history":[{"count":2,"href":"https:\/\/www.hexfire.eu\/sk\/wp-json\/wp\/v2\/pages\/1276\/revisions"}],"predecessor-version":[{"id":1278,"href":"https:\/\/www.hexfire.eu\/sk\/wp-json\/wp\/v2\/pages\/1276\/revisions\/1278"}],"wp:attachment":[{"href":"https:\/\/www.hexfire.eu\/sk\/wp-json\/wp\/v2\/media?parent=1276"}],"curies":[{"name":"wp","href":"https:\/\/api.w.org\/{rel}","templated":true}]}}